{"id":19,"date":"2023-07-13T16:55:00","date_gmt":"2023-07-13T13:55:00","guid":{"rendered":"https:\/\/www.sezginhukuk.com.tr\/tr_TR\/?page_id=19"},"modified":"2024-02-25T01:08:01","modified_gmt":"2024-02-24T22:08:01","slug":"hakkimizda","status":"publish","type":"page","link":"https:\/\/www.sezginhukuk.com.tr\/tr_TR\/hakkimizda","title":{"rendered":"Hakk\u0131m\u0131zda"},"content":{"rendered":"<div class=\"singleHeading\">\n\t<div class=\"inner\">\n\t\t\t\t<div class=\"text\">HAKKIMIZDA<\/div>\n\t<\/div>\n<\/div>\n\n\n<p>Sezgin &amp; Sezgin Hukuk B\u00fcrosu, ticari hayat\u0131n \u00e7e\u015fitli alanlar\u0131nda faaliyet g\u00f6steren \u015firketlere, ger\u00e7ek ki\u015filere ve yat\u0131r\u0131mc\u0131lara profesyonel bir i\u015f anlay\u0131\u015f\u0131 i\u00e7inde kaliteli, \u00e7\u00f6z\u00fcm odakl\u0131 ve nitelikli hukuki dan\u0131\u015fmanl\u0131k hizmeti sunmak amac\u0131yla Yeminli Mali M\u00fc\u015favir Av. \u0130smail Hakk\u0131 SEZG\u0130N ve Arabulucu Av. Mustafa Metin SEZG\u0130N taraf\u0131ndan Bursa merkezli olarak kurulmu\u015ftur.<\/p>\n\n\n\n<p>B\u00fcromuzun profesyonel ekibi, alanlar\u0131nda yetkin olan t\u00fcm avukatlar ve destek personelinden olu\u015fmaktad\u0131r. Ekip \u00fcyelerimiz, yurt i\u00e7inde tan\u0131nm\u0131\u015f hukuk fak\u00fcltelerinden mezun olmu\u015f, en az iki dil bilen deneyimli profesyonellerden olu\u015fmaktad\u0131r.<\/p>\n\n\n\n<p>Gen\u00e7 ve dinamik ekibimiz, m\u00fcvekkillerimize en \u00fcst d\u00fczeyde hukuki hizmet sunabilmek amac\u0131yla alanlar\u0131ndaki geli\u015fmeleri yak\u0131ndan takip etmektedir. Bu sayede, m\u00fcvekkillerimizi d\u00fczenli olarak g\u00fcncel bilgilerle hukuki geli\u015fmelerden haberdar etmekte ve y\u00f6nlendirmektedir. Sezgin &amp; Sezgin Hukuk B\u00fcrosu, m\u00fcvekkillerine profesyonel bir i\u015f anlay\u0131\u015f\u0131yla yakla\u015farak hukuki ihtiya\u00e7lar\u0131n\u0131 en etkili ve verimli \u015fekilde \u00e7\u00f6zmektedir.<\/p>\n\n\n<div class=\"singleHeading\">\n\t<div class=\"inner\">\n\t\t\t\t<div class=\"text\">M\u00dcVEKK\u0130L ODAKLI H\u0130ZMET<\/div>\n\t<\/div>\n<\/div>\n\n\n<p>Profesyonel ekibimiz yasal dava ve takip s\u00fcre\u00e7lerinin her a\u015famas\u0131nda m\u00fcvekkillerimizle paralel olarak ilerlemekte, m\u00fcvekkillerimize d\u00fczenli olarak raporlar sunmaktad\u0131r. Biliyoruz ki m\u00fcvekillerimizin haklar\u0131n\u0131n en iyi \u015fekilde korunmas\u0131 en \u00f6ncelikli g\u00f6revimizdir.<\/p>\n\n\n<div class=\"singleHeading\">\n\t<div class=\"inner\">\n\t\t\t\t<div class=\"text\">\u00dcST SEV\u0130YE G\u0130ZL\u0130L\u0130K<\/div>\n\t<\/div>\n<\/div>\n\n\n<p>M\u00fcvekkillerinin kendisiyle payla\u015ft\u0131\u011f\u0131 her bilgiyi ticari s\u0131r niteli\u011finde saklayan Sezgin &amp; Sezgin Hukuk B\u00fcrosu, bu hususu profesyonel i\u015f anlay\u0131\u015f\u0131n\u0131n vazge\u00e7ilmez bir par\u00e7as\u0131 haline getirmi\u015ftir.<\/p>\n\n\n<div class=\"singleHeading\">\n\t<div class=\"inner\">\n\t\t\t\t<div class=\"text\">TAM KAPAS\u0130TEL\u0130 H\u0130ZMET<\/div>\n\t<\/div>\n<\/div>\n\n\n<p>Ticari hayatta kar\u015f\u0131la\u015ft\u0131\u011f\u0131n\u0131z risklere ili\u015fkin detayl\u0131 ve nitelikli hukuki dan\u0131\u015fmanl\u0131k hizmeti yan\u0131nda, her a\u015famas\u0131nda titiz ve dikkatlice \u00e7al\u0131\u015ft\u0131\u011f\u0131m\u0131z dava takibi hizmeti, icra takibi hizmeti ve gelece\u011fin anla\u015fmazl\u0131k \u00e7\u00f6z\u00fcm yolu olan arabuluculuk s\u00fcre\u00e7leri ve tahkim hizmeti sa\u011flanmaktay\u0131z.<\/p>\n\n\n<div class=\"singleHeading\">\n\t<div class=\"inner\">\n\t\t\t\t<div class=\"text\">YEN\u0130 NES\u0130L TEKNOLOJ\u0130LER &#038; D\u0130J\u0130TAL H\u0130ZMETLER<\/div>\n\t<\/div>\n<\/div>\n\n\n<p>Sezgin &amp; Sezgin Hukuk B\u00fcrosu olarak gerekli t\u00fcm i\u00e7tihat programlar\u0131na ve yaz\u0131l\u0131m programlar\u0131na teknolojinin gerekliliklerine uygun alt yap\u0131 ile hizmet vermekte, teknolojik geli\u015fmeleri i\u015flerinde kullanmay\u0131 \u00f6ncelik saymaktay\u0131z.<\/p>\n","protected":false},"excerpt":{"rendered":"<p>Sezgin &amp; Sezgin Hukuk B\u00fcrosu, ticari hayat\u0131n \u00e7e\u015fitli alanlar\u0131nda faaliyet g\u00f6steren \u015firketlere, ger\u00e7ek ki\u015filere ve yat\u0131r\u0131mc\u0131lara profesyonel bir i\u015f anlay\u0131\u015f\u0131 i\u00e7inde kaliteli, \u00e7\u00f6z\u00fcm odakl\u0131 ve nitelikli hukuki dan\u0131\u015fmanl\u0131k hizmeti sunmak amac\u0131yla Yeminli Mali M\u00fc\u015favir Av. \u0130smail Hakk\u0131 SEZG\u0130N ve Arabulucu Av. Mustafa Metin SEZG\u0130N taraf\u0131ndan Bursa merkezli olarak kurulmu\u015ftur. B\u00fcromuzun profesyonel ekibi, alanlar\u0131nda yetkin olan [&hellip;]<\/p>\n","protected":false},"author":1,"featured_media":0,"parent":0,"menu_order":0,"comment_status":"closed","ping_status":"closed","template":"","meta":{"footnotes":""},"_links":{"self":[{"href":"https:\/\/www.sezginhukuk.com.tr\/tr_TR\/wp-json\/wp\/v2\/pages\/19"}],"collection":[{"href":"https:\/\/www.sezginhukuk.com.tr\/tr_TR\/wp-json\/wp\/v2\/pages"}],"about":[{"href":"https:\/\/www.sezginhukuk.com.tr\/tr_TR\/wp-json\/wp\/v2\/types\/page"}],"author":[{"embeddable":true,"href":"https:\/\/www.sezginhukuk.com.tr\/tr_TR\/wp-json\/wp\/v2\/users\/1"}],"replies":[{"embeddable":true,"href":"https:\/\/www.sezginhukuk.com.tr\/tr_TR\/wp-json\/wp\/v2\/comments?post=19"}],"version-history":[{"count":17,"href":"https:\/\/www.sezginhukuk.com.tr\/tr_TR\/wp-json\/wp\/v2\/pages\/19\/revisions"}],"predecessor-version":[{"id":508,"href":"https:\/\/www.sezginhukuk.com.tr\/tr_TR\/wp-json\/wp\/v2\/pages\/19\/revisions\/508"}],"wp:attachment":[{"href":"https:\/\/www.sezginhukuk.com.tr\/tr_TR\/wp-json\/wp\/v2\/media?parent=19"}],"curies":[{"name":"wp","href":"https:\/\/api.w.org\/{rel}","templated":true}]}}